{"id":155,"date":"2025-09-05T02:33:05","date_gmt":"2025-09-05T05:33:05","guid":{"rendered":"https:\/\/flora.pairogeriodeoxum.com.br\/?post_type=product&#038;p=155"},"modified":"2025-09-05T02:33:05","modified_gmt":"2025-09-05T05:33:05","slug":"santo-antonio-bebe-13cm","status":"publish","type":"product","link":"https:\/\/flora.pairogeriodeoxum.com.br\/index.php\/produto\/santo-antonio-bebe-13cm\/","title":{"rendered":"Santo Ant\u00f4nio Beb\u00ea 13cm."},"content":{"rendered":"<p>Imagem pintada a m\u00e3o.<\/p>\n","protected":false},"excerpt":{"rendered":"<p>Imagem pintada a m\u00e3o.<\/p>\n","protected":false},"featured_media":154,"comment_status":"open","ping_status":"closed","template":"","meta":[],"product_brand":[],"product_cat":[42,38],"product_tag":[],"class_list":{"0":"post-155","1":"product","2":"type-product","3":"status-publish","4":"has-post-thumbnail","6":"product_cat-baby","7":"product_cat-imagem-catolica","9":"first","10":"instock","11":"shipping-taxable","12":"purchasable","13":"product-type-simple"},"jetpack_sharing_enabled":true,"_links":{"self":[{"href":"https:\/\/flora.pairogeriodeoxum.com.br\/index.php\/wp-json\/wp\/v2\/product\/155","targetHints":{"allow":["GET"]}}],"collection":[{"href":"https:\/\/flora.pairogeriodeoxum.com.br\/index.php\/wp-json\/wp\/v2\/product"}],"about":[{"href":"https:\/\/flora.pairogeriodeoxum.com.br\/index.php\/wp-json\/wp\/v2\/types\/product"}],"replies":[{"embeddable":true,"href":"https:\/\/flora.pairogeriodeoxum.com.br\/index.php\/wp-json\/wp\/v2\/comments?post=155"}],"wp:featuredmedia":[{"embeddable":true,"href":"https:\/\/flora.pairogeriodeoxum.com.br\/index.php\/wp-json\/wp\/v2\/media\/154"}],"wp:attachment":[{"href":"https:\/\/flora.pairogeriodeoxum.com.br\/index.php\/wp-json\/wp\/v2\/media?parent=155"}],"wp:term":[{"taxonomy":"product_brand","embeddable":true,"href":"https:\/\/flora.pairogeriodeoxum.com.br\/index.php\/wp-json\/wp\/v2\/product_brand?post=155"},{"taxonomy":"product_cat","embeddable":true,"href":"https:\/\/flora.pairogeriodeoxum.com.br\/index.php\/wp-json\/wp\/v2\/product_cat?post=155"},{"taxonomy":"product_tag","embeddable":true,"href":"https:\/\/flora.pairogeriodeoxum.com.br\/index.php\/wp-json\/wp\/v2\/product_tag?post=155"}],"curies":[{"name":"wp","href":"https:\/\/api.w.org\/{rel}","templated":true}]}}